{"id":372,"date":"2019-10-30T19:49:14","date_gmt":"2019-10-30T19:49:14","guid":{"rendered":"http:\/\/demo.athemes.com\/sydney-redesign\/?page_id=372"},"modified":"2020-02-26T23:05:50","modified_gmt":"2020-02-26T23:05:50","slug":"services","status":"publish","type":"page","link":"https:\/\/itbh.eu\/index.php\/services\/","title":{"rendered":"Services"},"content":{"rendered":"\t\t<div data-elementor-type=\"wp-page\" data-elementor-id=\"372\" class=\"elementor elementor-372\">\n\t\t\t\t\t\t<section class=\"elementor-section elementor-top-section elementor-element elementor-element-44e53083 elementor-section-boxed elementor-section-height-default elementor-section-height-default\" data-id=\"44e53083\" data-element_type=\"section\" data-e-type=\"section\" data-settings=\"{&quot;background_background&quot;:&quot;classic&quot;}\">\n\t\t\t\t\t\t<div class=\"elementor-container elementor-column-gap-default\">\n\t\t\t\t\t<div class=\"elementor-column elementor-col-100 elementor-top-column elementor-element elementor-element-28ccb34b\" data-id=\"28ccb34b\" data-element_type=\"column\" data-e-type=\"column\">\n\t\t\t<div class=\"elementor-widget-wrap elementor-element-populated\">\n\t\t\t\t\t\t<div class=\"elementor-element elementor-element-4e74ea33 elementor-widget elementor-widget-heading\" data-id=\"4e74ea33\" data-element_type=\"widget\" data-e-type=\"widget\" data-widget_type=\"heading.default\">\n\t\t\t\t<div class=\"elementor-widget-container\">\n\t\t\t\t\t<p class=\"elementor-heading-title elementor-size-default\">Unsere Dienstleistungen<\/p>\t\t\t\t<\/div>\n\t\t\t\t<\/div>\n\t\t\t\t<section class=\"elementor-section elementor-inner-section elementor-element elementor-element-1bb51272 elementor-section-boxed elementor-section-height-default elementor-section-height-default\" data-id=\"1bb51272\" data-element_type=\"section\" data-e-type=\"section\">\n\t\t\t\t\t\t<div class=\"elementor-container elementor-column-gap-default\">\n\t\t\t\t\t<div class=\"elementor-column elementor-col-33 elementor-inner-column elementor-element elementor-element-1708faf2\" data-id=\"1708faf2\" data-element_type=\"column\" data-e-type=\"column\" data-settings=\"{&quot;background_background&quot;:&quot;classic&quot;}\">\n\t\t\t<div class=\"elementor-widget-wrap elementor-element-populated\">\n\t\t\t\t\t\t<div class=\"elementor-element elementor-element-2add265f elementor-view-stacked elementor-shape-circle elementor-position-block-start elementor-mobile-position-block-start elementor-widget elementor-widget-icon-box\" data-id=\"2add265f\" data-element_type=\"widget\" data-e-type=\"widget\" data-widget_type=\"icon-box.default\">\n\t\t\t\t<div class=\"elementor-widget-container\">\n\t\t\t\t\t\t\t<div class=\"elementor-icon-box-wrapper\">\n\n\t\t\t\t\t\t<div class=\"elementor-icon-box-icon\">\n\t\t\t\t<span  class=\"elementor-icon\">\n\t\t\t\t<i aria-hidden=\"true\" class=\"fas fa-first-aid\"><\/i>\t\t\t\t<\/span>\n\t\t\t<\/div>\n\t\t\t\n\t\t\t\t\t\t<div class=\"elementor-icon-box-content\">\n\n\t\t\t\t\t\t\t\t\t<h2 class=\"elementor-icon-box-title\">\n\t\t\t\t\t\t<span  >\n\t\t\t\t\t\t\tAdministration &amp; Support\t\t\t\t\t\t<\/span>\n\t\t\t\t\t<\/h2>\n\t\t\t\t\n\t\t\t\t\t\t\t\t\t<p class=\"elementor-icon-box-description\">\n\t\t\t\t\t\tAdministration von Servern und Clients f\u00fcr alle Microsoft Windows basierten Plattformen. Durch die Zusammenarbeit mit wk-it-consultants langj\u00e4hrige Erfahrung in heterogenen Umgebungen. (MAC OSX) bis in den Bereich der Linux-Systeme. Die Klientel erstreckt sich vom Einzelk\u00e4mpfer oder Freelancer bis zum mittelst\u00e4ndischen Unternehmen.\t\t\t\t\t<\/p>\n\t\t\t\t\n\t\t\t<\/div>\n\t\t\t\n\t\t<\/div>\n\t\t\t\t\t\t<\/div>\n\t\t\t\t<\/div>\n\t\t\t\t\t<\/div>\n\t\t<\/div>\n\t\t\t\t<div class=\"elementor-column elementor-col-33 elementor-inner-column elementor-element elementor-element-225f3b41\" data-id=\"225f3b41\" data-element_type=\"column\" data-e-type=\"column\" data-settings=\"{&quot;background_background&quot;:&quot;classic&quot;}\">\n\t\t\t<div class=\"elementor-widget-wrap elementor-element-populated\">\n\t\t\t\t\t\t<div class=\"elementor-element elementor-element-30ebfc4a elementor-view-stacked elementor-shape-circle elementor-position-block-start elementor-mobile-position-block-start elementor-widget elementor-widget-icon-box\" data-id=\"30ebfc4a\" data-element_type=\"widget\" data-e-type=\"widget\" data-widget_type=\"icon-box.default\">\n\t\t\t\t<div class=\"elementor-widget-container\">\n\t\t\t\t\t\t\t<div class=\"elementor-icon-box-wrapper\">\n\n\t\t\t\t\t\t<div class=\"elementor-icon-box-icon\">\n\t\t\t\t<span  class=\"elementor-icon\">\n\t\t\t\t<i aria-hidden=\"true\" class=\"fas fa-cart-plus\"><\/i>\t\t\t\t<\/span>\n\t\t\t<\/div>\n\t\t\t\n\t\t\t\t\t\t<div class=\"elementor-icon-box-content\">\n\n\t\t\t\t\t\t\t\t\t<h2 class=\"elementor-icon-box-title\">\n\t\t\t\t\t\t<span  >\n\t\t\t\t\t\t\tVertrieb\t\t\t\t\t\t<\/span>\n\t\t\t\t\t<\/h2>\n\t\t\t\t\n\t\t\t\t\t\t\t\t\t<p class=\"elementor-icon-box-description\">\n\t\t\t\t\t\tIch konfiguriere PCs und Server individuell nach den Bed\u00fcrfnissen und W\u00fcnschen  des Kunden. Klingt nach alter Schule - Ist es auch. Aber die langj\u00e4hrige Zufriedenheit  unserer Kunden hat uns best\u00e4tigt, dass wir in Puncto Beratung scheinbar vieles richtig gemacht haben. \t\t\t\t\t<\/p>\n\t\t\t\t\n\t\t\t<\/div>\n\t\t\t\n\t\t<\/div>\n\t\t\t\t\t\t<\/div>\n\t\t\t\t<\/div>\n\t\t\t\t\t<\/div>\n\t\t<\/div>\n\t\t\t\t<div class=\"elementor-column elementor-col-33 elementor-inner-column elementor-element elementor-element-163b3578\" data-id=\"163b3578\" data-element_type=\"column\" data-e-type=\"column\" data-settings=\"{&quot;background_background&quot;:&quot;classic&quot;}\">\n\t\t\t<div class=\"elementor-widget-wrap elementor-element-populated\">\n\t\t\t\t\t\t<div class=\"elementor-element elementor-element-2c8a63db elementor-view-stacked elementor-shape-circle elementor-position-block-start elementor-mobile-position-block-start elementor-widget elementor-widget-icon-box\" data-id=\"2c8a63db\" data-element_type=\"widget\" data-e-type=\"widget\" data-widget_type=\"icon-box.default\">\n\t\t\t\t<div class=\"elementor-widget-container\">\n\t\t\t\t\t\t\t<div class=\"elementor-icon-box-wrapper\">\n\n\t\t\t\t\t\t<div class=\"elementor-icon-box-icon\">\n\t\t\t\t<span  class=\"elementor-icon\">\n\t\t\t\t<i aria-hidden=\"true\" class=\"fas fa-at\"><\/i>\t\t\t\t<\/span>\n\t\t\t<\/div>\n\t\t\t\n\t\t\t\t\t\t<div class=\"elementor-icon-box-content\">\n\n\t\t\t\t\t\t\t\t\t<h2 class=\"elementor-icon-box-title\">\n\t\t\t\t\t\t<span  >\n\t\t\t\t\t\t\tWebhosting\t\t\t\t\t\t<\/span>\n\t\t\t\t\t<\/h2>\n\t\t\t\t\n\t\t\t\t\t\t\t\t\t<p class=\"elementor-icon-box-description\">\n\t\t\t\t\t\tAls drittes Standbein bieten wir seit knapp 20 Jahren ma\u00dfgeschneiderte Hostingdienstleistungen im Bereich Web- und Mailhosting f\u00fcr unsere Kunden an. Urspr\u00fcnglich wurde das Hosting-Gesch\u00e4ft aufgenommen, um dem Wunsch einiger Kunden zu entsprechen, alle IT-Dienstleistungen aus einer Hand zu bekommen. Heute ist unser Angebot vor allem f\u00fcr Kunden mit individuellen W\u00fcnschen oder speziellen Anforderungen eine interessante Option.\t\t\t\t\t<\/p>\n\t\t\t\t\n\t\t\t<\/div>\n\t\t\t\n\t\t<\/div>\n\t\t\t\t\t\t<\/div>\n\t\t\t\t<\/div>\n\t\t\t\t\t<\/div>\n\t\t<\/div>\n\t\t\t\t\t<\/div>\n\t\t<\/section>\n\t\t\t\t\t<\/div>\n\t\t<\/div>\n\t\t\t\t\t<\/div>\n\t\t<\/section>\n\t\t\t\t<\/div>\n\t\t","protected":false},"excerpt":{"rendered":"<p>Unsere Dienstleistungen Administration &amp; Support Administration von Servern und Clients f\u00fcr alle Microsoft Windows basierten Plattformen. Durch die Zusammenarbeit mit wk-it-consultants langj\u00e4hrige [&hellip;]<\/p>\n","protected":false},"author":1,"featured_media":0,"parent":0,"menu_order":0,"comment_status":"closed","ping_status":"closed","template":"page-templates\/page_front-page.php","meta":{"footnotes":""},"class_list":["post-372","page","type-page","status-publish","hentry"],"yoast_head":"<!-- This site is optimized with the Yoast SEO plugin v27.4 - https:\/\/yoast.com\/product\/yoast-seo-wordpress\/ -->\n<title>Services - IT Beratung Hollstein<\/title>\n<meta name=\"robots\" content=\"index, follow, max-snippet:-1, max-image-preview:large, max-video-preview:-1\" \/>\n<link rel=\"canonical\" href=\"https:\/\/itbh.eu\/index.php\/services\/\" \/>\n<meta property=\"og:locale\" content=\"de_DE\" \/>\n<meta property=\"og:type\" content=\"article\" \/>\n<meta property=\"og:title\" content=\"Services - IT Beratung Hollstein\" \/>\n<meta property=\"og:description\" content=\"Unsere Dienstleistungen Administration &amp; Support Administration von Servern und Clients f\u00fcr alle Microsoft Windows basierten Plattformen. Durch die Zusammenarbeit mit wk-it-consultants langj\u00e4hrige [&hellip;]\" \/>\n<meta property=\"og:url\" content=\"https:\/\/itbh.eu\/index.php\/services\/\" \/>\n<meta property=\"og:site_name\" content=\"IT Beratung Hollstein\" \/>\n<meta property=\"article:modified_time\" content=\"2020-02-26T23:05:50+00:00\" \/>\n<meta name=\"twitter:card\" content=\"summary_large_image\" \/>\n<meta name=\"twitter:label1\" content=\"Gesch\u00e4tzte Lesezeit\" \/>\n\t<meta name=\"twitter:data1\" content=\"1\u00a0Minute\" \/>\n<script type=\"application\/ld+json\" class=\"yoast-schema-graph\">{\"@context\":\"https:\\\/\\\/schema.org\",\"@graph\":[{\"@type\":\"WebPage\",\"@id\":\"https:\\\/\\\/itbh.eu\\\/index.php\\\/services\\\/\",\"url\":\"https:\\\/\\\/itbh.eu\\\/index.php\\\/services\\\/\",\"name\":\"Services - IT Beratung Hollstein\",\"isPartOf\":{\"@id\":\"https:\\\/\\\/itbh.eu\\\/#website\"},\"datePublished\":\"2019-10-30T19:49:14+00:00\",\"dateModified\":\"2020-02-26T23:05:50+00:00\",\"breadcrumb\":{\"@id\":\"https:\\\/\\\/itbh.eu\\\/index.php\\\/services\\\/#breadcrumb\"},\"inLanguage\":\"de\",\"potentialAction\":[{\"@type\":\"ReadAction\",\"target\":[\"https:\\\/\\\/itbh.eu\\\/index.php\\\/services\\\/\"]}]},{\"@type\":\"BreadcrumbList\",\"@id\":\"https:\\\/\\\/itbh.eu\\\/index.php\\\/services\\\/#breadcrumb\",\"itemListElement\":[{\"@type\":\"ListItem\",\"position\":1,\"name\":\"Home\",\"item\":\"https:\\\/\\\/itbh.eu\\\/\"},{\"@type\":\"ListItem\",\"position\":2,\"name\":\"Services\"}]},{\"@type\":\"WebSite\",\"@id\":\"https:\\\/\\\/itbh.eu\\\/#website\",\"url\":\"https:\\\/\\\/itbh.eu\\\/\",\"name\":\"IT Beratung Hollstein\",\"description\":\"Computer Support von Mensch zu Mensch\",\"potentialAction\":[{\"@type\":\"SearchAction\",\"target\":{\"@type\":\"EntryPoint\",\"urlTemplate\":\"https:\\\/\\\/itbh.eu\\\/?s={search_term_string}\"},\"query-input\":{\"@type\":\"PropertyValueSpecification\",\"valueRequired\":true,\"valueName\":\"search_term_string\"}}],\"inLanguage\":\"de\"}]}<\/script>\n<!-- \/ Yoast SEO plugin. -->","yoast_head_json":{"title":"Services - IT Beratung Hollstein","robots":{"index":"index","follow":"follow","max-snippet":"max-snippet:-1","max-image-preview":"max-image-preview:large","max-video-preview":"max-video-preview:-1"},"canonical":"https:\/\/itbh.eu\/index.php\/services\/","og_locale":"de_DE","og_type":"article","og_title":"Services - IT Beratung Hollstein","og_description":"Unsere Dienstleistungen Administration &amp; Support Administration von Servern und Clients f\u00fcr alle Microsoft Windows basierten Plattformen. Durch die Zusammenarbeit mit wk-it-consultants langj\u00e4hrige [&hellip;]","og_url":"https:\/\/itbh.eu\/index.php\/services\/","og_site_name":"IT Beratung Hollstein","article_modified_time":"2020-02-26T23:05:50+00:00","twitter_card":"summary_large_image","twitter_misc":{"Gesch\u00e4tzte Lesezeit":"1\u00a0Minute"},"schema":{"@context":"https:\/\/schema.org","@graph":[{"@type":"WebPage","@id":"https:\/\/itbh.eu\/index.php\/services\/","url":"https:\/\/itbh.eu\/index.php\/services\/","name":"Services - IT Beratung Hollstein","isPartOf":{"@id":"https:\/\/itbh.eu\/#website"},"datePublished":"2019-10-30T19:49:14+00:00","dateModified":"2020-02-26T23:05:50+00:00","breadcrumb":{"@id":"https:\/\/itbh.eu\/index.php\/services\/#breadcrumb"},"inLanguage":"de","potentialAction":[{"@type":"ReadAction","target":["https:\/\/itbh.eu\/index.php\/services\/"]}]},{"@type":"BreadcrumbList","@id":"https:\/\/itbh.eu\/index.php\/services\/#breadcrumb","itemListElement":[{"@type":"ListItem","position":1,"name":"Home","item":"https:\/\/itbh.eu\/"},{"@type":"ListItem","position":2,"name":"Services"}]},{"@type":"WebSite","@id":"https:\/\/itbh.eu\/#website","url":"https:\/\/itbh.eu\/","name":"IT Beratung Hollstein","description":"Computer Support von Mensch zu Mensch","potentialAction":[{"@type":"SearchAction","target":{"@type":"EntryPoint","urlTemplate":"https:\/\/itbh.eu\/?s={search_term_string}"},"query-input":{"@type":"PropertyValueSpecification","valueRequired":true,"valueName":"search_term_string"}}],"inLanguage":"de"}]}},"_links":{"self":[{"href":"https:\/\/itbh.eu\/index.php\/wp-json\/wp\/v2\/pages\/372","targetHints":{"allow":["GET"]}}],"collection":[{"href":"https:\/\/itbh.eu\/index.php\/wp-json\/wp\/v2\/pages"}],"about":[{"href":"https:\/\/itbh.eu\/index.php\/wp-json\/wp\/v2\/types\/page"}],"author":[{"embeddable":true,"href":"https:\/\/itbh.eu\/index.php\/wp-json\/wp\/v2\/users\/1"}],"replies":[{"embeddable":true,"href":"https:\/\/itbh.eu\/index.php\/wp-json\/wp\/v2\/comments?post=372"}],"version-history":[{"count":6,"href":"https:\/\/itbh.eu\/index.php\/wp-json\/wp\/v2\/pages\/372\/revisions"}],"predecessor-version":[{"id":603,"href":"https:\/\/itbh.eu\/index.php\/wp-json\/wp\/v2\/pages\/372\/revisions\/603"}],"wp:attachment":[{"href":"https:\/\/itbh.eu\/index.php\/wp-json\/wp\/v2\/media?parent=372"}],"curies":[{"name":"wp","href":"https:\/\/api.w.org\/{rel}","templated":true}]}}