{"id":361,"date":"2019-10-30T19:37:49","date_gmt":"2019-10-30T19:37:49","guid":{"rendered":"http:\/\/demo.athemes.com\/sydney-redesign\/?page_id=361"},"modified":"2020-04-30T22:30:49","modified_gmt":"2020-04-30T22:30:49","slug":"team","status":"publish","type":"page","link":"https:\/\/itbh.eu\/index.php\/team\/","title":{"rendered":"Team"},"content":{"rendered":"\t\t<div data-elementor-type=\"wp-page\" data-elementor-id=\"361\" class=\"elementor elementor-361\">\n\t\t\t\t\t\t<section class=\"elementor-section elementor-top-section elementor-element elementor-element-4aaabe97 elementor-section-boxed elementor-section-height-default elementor-section-height-default\" data-id=\"4aaabe97\" data-element_type=\"section\" data-e-type=\"section\">\n\t\t\t\t\t\t<div class=\"elementor-container elementor-column-gap-default\">\n\t\t\t\t\t<div class=\"elementor-column elementor-col-100 elementor-top-column elementor-element elementor-element-a893fcb\" data-id=\"a893fcb\" data-element_type=\"column\" data-e-type=\"column\">\n\t\t\t<div class=\"elementor-widget-wrap elementor-element-populated\">\n\t\t\t\t\t\t<div class=\"elementor-element elementor-element-4869527a elementor-widget elementor-widget-heading\" data-id=\"4869527a\" data-element_type=\"widget\" data-e-type=\"widget\" data-widget_type=\"heading.default\">\n\t\t\t\t<div class=\"elementor-widget-container\">\n\t\t\t\t\t<p class=\"elementor-heading-title elementor-size-medium\">Das Team...<br><br><br>\n\ndas bin ich, meistens gut gelaunt, besonders im Urlaub. \n<br><br>\nSeit 25 Jahren \"im Gesch\u00e4ft\", also quasi ein IT-Dino...<\/p>\t\t\t\t<\/div>\n\t\t\t\t<\/div>\n\t\t\t\t<section class=\"elementor-section elementor-inner-section elementor-element elementor-element-29d6382 elementor-section-boxed elementor-section-height-default elementor-section-height-default\" data-id=\"29d6382\" data-element_type=\"section\" data-e-type=\"section\">\n\t\t\t\t\t\t<div class=\"elementor-container elementor-column-gap-default\">\n\t\t\t\t\t<div class=\"elementor-column elementor-col-100 elementor-inner-column elementor-element elementor-element-33a8041\" data-id=\"33a8041\" data-element_type=\"column\" data-e-type=\"column\">\n\t\t\t<div class=\"elementor-widget-wrap elementor-element-populated\">\n\t\t\t\t\t\t<div class=\"elementor-element elementor-element-6e25970c team_hover_edits elementor-widget elementor-widget-athemes-employee-carousel\" data-id=\"6e25970c\" data-element_type=\"widget\" data-e-type=\"widget\" data-widget_type=\"athemes-employee-carousel.default\">\n\t\t\t\t<div class=\"elementor-widget-container\">\n\t\t\t\t\t\n\t\t<div class=\"roll-team carousel owl-carousel\" data-widgetid=\"employees-\">\n\t\t\t\t\t\t\t\t\t\t<div class=\"team-item\">\n\t\t\t    <div class=\"team-inner\">\n\t\t\t        <div class=\"pop-overlay\">\n\t\t\t            <div class=\"team-pop\">\n\t\t\t                <div class=\"team-info\">\n\t\t\t\t\t\t\t\t<div class=\"name\">Karsten Hollstein<\/div>\n\t\t\t\t\t\t\t\t<div class=\"pos\">Gesch\u00e4ftsf\u00fchrer, Techniker f\u00fcr Windows &amp; Linux<\/div>\n\t\t\t\t\t\t\t\t<ul class=\"team-social\">\n\t\t\t\t\t\t\t\t\t\t\t\t\t\t\t\t\t\t\t<li><a class=\"facebook\" href=\"#\" target=\"_blank\"><i class=\"sydney-svg-icon\"><svg xmlns=\"http:\/\/www.w3.org\/2000\/svg\" viewBox=\"0 0 448 512\" fill=\"#fff;\"><path d=\"M279.14 288l14.22-92.66h-88.91v-60.13c0-25.35 12.42-50.06 52.24-50.06h40.42V6.26S260.43 0 225.36 0c-73.22 0-121.08 44.38-121.08 124.72v70.62H22.89V288h81.39v224h100.17V288z\"\/><\/svg><\/i><\/a><\/li>\n\t\t\t\t\t\t\t\t\t\t\t\t\t\t\t\t\t\t\t\t\t\t\t\t\t\t\t\t<li><a class=\"twitter\" href=\"#\" target=\"_blank\"><i class=\"sydney-svg-icon\"><svg xmlns=\"http:\/\/www.w3.org\/2000\/svg\" viewBox=\"0 0 512 512\"><path d=\"M459.37 151.716c.325 4.548.325 9.097.325 13.645 0 138.72-105.583 298.558-298.558 298.558-59.452 0-114.68-17.219-161.137-47.106 8.447.974 16.568 1.299 25.34 1.299 49.055 0 94.213-16.568 130.274-44.832-46.132-.975-84.792-31.188-98.112-72.772 6.498.974 12.995 1.624 19.818 1.624 9.421 0 18.843-1.3 27.614-3.573-48.081-9.747-84.143-51.98-84.143-102.985v-1.299c13.969 7.797 30.214 12.67 47.431 13.319-28.264-18.843-46.781-51.005-46.781-87.391 0-19.492 5.197-37.36 14.294-52.954 51.655 63.675 129.3 105.258 216.365 109.807-1.624-7.797-2.599-15.918-2.599-24.04 0-57.828 46.782-104.934 104.934-104.934 30.213 0 57.502 12.67 76.67 33.137 23.715-4.548 46.456-13.32 66.599-25.34-7.798 24.366-24.366 44.833-46.132 57.827 21.117-2.273 41.584-8.122 60.426-16.243-14.292 20.791-32.161 39.308-52.628 54.253z\"\/><\/svg><\/i><\/a><\/li>\n\t\t\t\t\t\t\t\t\t\t\t\t\t\t\t\t\t\t\t\t\t\t\t\t\t\t\t\t<li><a class=\"linkedin\" href=\"#\" target=\"_blank\"><i class=\"sydney-svg-icon\"><svg xmlns=\"http:\/\/www.w3.org\/2000\/svg\" viewBox=\"0 0 448 512\"><path d=\"M100.28 448H7.4V148.9h92.88zM53.79 108.1C24.09 108.1 0 83.5 0 53.8a53.79 53.79 0 0 1 107.58 0c0 29.7-24.1 54.3-53.79 54.3zM447.9 448h-92.68V302.4c0-34.7-.7-79.2-48.29-79.2-48.29 0-55.69 37.7-55.69 76.7V448h-92.78V148.9h89.08v40.8h1.3c12.4-23.5 42.69-48.3 87.88-48.3 94 0 111.28 61.9 111.28 142.3V448z\"\/><\/svg><\/i><\/a><\/li>\n\t\t\t\t\t\t\t\t\t\t\t\t\t\t\t\t\t<\/ul>\n\t\t\t                <\/div>\n\t\t\t            <\/div>\n\t\t\t        <\/div>\n\t\t\t\t\t\t\t\t\t\t<div class=\"avatar\">\n\t\t\t\t\t\t<img decoding=\"async\" src=\"https:\/\/itbh.eu\/wp-content\/uploads\/2020\/02\/WP_20150911_12_35_43_Pro-2-scaled.jpg\" alt=\"WP_20150911_12_35_43_Pro (2)\"\/>\n\t\t\t\t\t<\/div>\n\t\t\t\t\t\t\t\t    <\/div>\n\t\t\t    <div class=\"team-content\">\n\t\t\t        <div class=\"name\">\n\t\t\t        \t\t\t\t        \t\tKarsten Hollstein\t\t\t        \t\t\t\t        <\/div>\n\t\t\t        <div class=\"pos\">Gesch\u00e4ftsf\u00fchrer, Techniker f\u00fcr Windows &amp; Linux<\/div>\n\t\t\t    <\/div>\n\t\t\t<\/div><!-- \/.team-item -->\n\n\t\t\t\t\t<\/div>\n\t\t\t\t\n\t\t\t\t\t\t<\/div>\n\t\t\t\t<\/div>\n\t\t\t\t\t<\/div>\n\t\t<\/div>\n\t\t\t\t\t<\/div>\n\t\t<\/section>\n\t\t\t\t\t<\/div>\n\t\t<\/div>\n\t\t\t\t\t<\/div>\n\t\t<\/section>\n\t\t\t\t<\/div>\n\t\t","protected":false},"excerpt":{"rendered":"<p>Das Team&#8230; das bin ich, meistens gut gelaunt, besonders im Urlaub. Seit 25 Jahren &#8222;im Gesch\u00e4ft&#8220;, also quasi ein IT-Dino&#8230; Karsten Hollstein [&hellip;]<\/p>\n","protected":false},"author":1,"featured_media":0,"parent":0,"menu_order":0,"comment_status":"closed","ping_status":"closed","template":"page-templates\/page_front-page.php","meta":{"footnotes":""},"class_list":["post-361","page","type-page","status-publish","hentry"],"yoast_head":"<!-- This site is optimized with the Yoast SEO plugin v27.4 - https:\/\/yoast.com\/product\/yoast-seo-wordpress\/ -->\n<title>Team - IT Beratung Hollstein<\/title>\n<meta name=\"robots\" content=\"index, follow, max-snippet:-1, max-image-preview:large, max-video-preview:-1\" \/>\n<link rel=\"canonical\" href=\"https:\/\/itbh.eu\/index.php\/team\/\" \/>\n<meta property=\"og:locale\" content=\"de_DE\" \/>\n<meta property=\"og:type\" content=\"article\" \/>\n<meta property=\"og:title\" content=\"Team - IT Beratung Hollstein\" \/>\n<meta property=\"og:description\" content=\"Das Team&#8230; das bin ich, meistens gut gelaunt, besonders im Urlaub. Seit 25 Jahren &#8222;im Gesch\u00e4ft&#8220;, also quasi ein IT-Dino&#8230; Karsten Hollstein [&hellip;]\" \/>\n<meta property=\"og:url\" content=\"https:\/\/itbh.eu\/index.php\/team\/\" \/>\n<meta property=\"og:site_name\" content=\"IT Beratung Hollstein\" \/>\n<meta property=\"article:modified_time\" content=\"2020-04-30T22:30:49+00:00\" \/>\n<meta property=\"og:image\" content=\"https:\/\/itbh.eu\/wp-content\/uploads\/2020\/02\/WP_20150911_12_35_43_Pro-2-scaled.jpg\" \/>\n<meta name=\"twitter:card\" content=\"summary_large_image\" \/>\n<script type=\"application\/ld+json\" class=\"yoast-schema-graph\">{\"@context\":\"https:\\\/\\\/schema.org\",\"@graph\":[{\"@type\":\"WebPage\",\"@id\":\"https:\\\/\\\/itbh.eu\\\/index.php\\\/team\\\/\",\"url\":\"https:\\\/\\\/itbh.eu\\\/index.php\\\/team\\\/\",\"name\":\"Team - IT Beratung Hollstein\",\"isPartOf\":{\"@id\":\"https:\\\/\\\/itbh.eu\\\/#website\"},\"primaryImageOfPage\":{\"@id\":\"https:\\\/\\\/itbh.eu\\\/index.php\\\/team\\\/#primaryimage\"},\"image\":{\"@id\":\"https:\\\/\\\/itbh.eu\\\/index.php\\\/team\\\/#primaryimage\"},\"thumbnailUrl\":\"https:\\\/\\\/itbh.eu\\\/wp-content\\\/uploads\\\/2020\\\/02\\\/WP_20150911_12_35_43_Pro-2-scaled.jpg\",\"datePublished\":\"2019-10-30T19:37:49+00:00\",\"dateModified\":\"2020-04-30T22:30:49+00:00\",\"breadcrumb\":{\"@id\":\"https:\\\/\\\/itbh.eu\\\/index.php\\\/team\\\/#breadcrumb\"},\"inLanguage\":\"de\",\"potentialAction\":[{\"@type\":\"ReadAction\",\"target\":[\"https:\\\/\\\/itbh.eu\\\/index.php\\\/team\\\/\"]}]},{\"@type\":\"ImageObject\",\"inLanguage\":\"de\",\"@id\":\"https:\\\/\\\/itbh.eu\\\/index.php\\\/team\\\/#primaryimage\",\"url\":\"https:\\\/\\\/itbh.eu\\\/wp-content\\\/uploads\\\/2020\\\/02\\\/WP_20150911_12_35_43_Pro-2-scaled.jpg\",\"contentUrl\":\"https:\\\/\\\/itbh.eu\\\/wp-content\\\/uploads\\\/2020\\\/02\\\/WP_20150911_12_35_43_Pro-2-scaled.jpg\",\"width\":1746,\"height\":2560},{\"@type\":\"BreadcrumbList\",\"@id\":\"https:\\\/\\\/itbh.eu\\\/index.php\\\/team\\\/#breadcrumb\",\"itemListElement\":[{\"@type\":\"ListItem\",\"position\":1,\"name\":\"Home\",\"item\":\"https:\\\/\\\/itbh.eu\\\/\"},{\"@type\":\"ListItem\",\"position\":2,\"name\":\"Team\"}]},{\"@type\":\"WebSite\",\"@id\":\"https:\\\/\\\/itbh.eu\\\/#website\",\"url\":\"https:\\\/\\\/itbh.eu\\\/\",\"name\":\"IT Beratung Hollstein\",\"description\":\"Computer Support von Mensch zu Mensch\",\"potentialAction\":[{\"@type\":\"SearchAction\",\"target\":{\"@type\":\"EntryPoint\",\"urlTemplate\":\"https:\\\/\\\/itbh.eu\\\/?s={search_term_string}\"},\"query-input\":{\"@type\":\"PropertyValueSpecification\",\"valueRequired\":true,\"valueName\":\"search_term_string\"}}],\"inLanguage\":\"de\"}]}<\/script>\n<!-- \/ Yoast SEO plugin. -->","yoast_head_json":{"title":"Team - IT Beratung Hollstein","robots":{"index":"index","follow":"follow","max-snippet":"max-snippet:-1","max-image-preview":"max-image-preview:large","max-video-preview":"max-video-preview:-1"},"canonical":"https:\/\/itbh.eu\/index.php\/team\/","og_locale":"de_DE","og_type":"article","og_title":"Team - IT Beratung Hollstein","og_description":"Das Team&#8230; das bin ich, meistens gut gelaunt, besonders im Urlaub. Seit 25 Jahren &#8222;im Gesch\u00e4ft&#8220;, also quasi ein IT-Dino&#8230; Karsten Hollstein [&hellip;]","og_url":"https:\/\/itbh.eu\/index.php\/team\/","og_site_name":"IT Beratung Hollstein","article_modified_time":"2020-04-30T22:30:49+00:00","og_image":[{"url":"https:\/\/itbh.eu\/wp-content\/uploads\/2020\/02\/WP_20150911_12_35_43_Pro-2-scaled.jpg","type":"","width":"","height":""}],"twitter_card":"summary_large_image","schema":{"@context":"https:\/\/schema.org","@graph":[{"@type":"WebPage","@id":"https:\/\/itbh.eu\/index.php\/team\/","url":"https:\/\/itbh.eu\/index.php\/team\/","name":"Team - IT Beratung Hollstein","isPartOf":{"@id":"https:\/\/itbh.eu\/#website"},"primaryImageOfPage":{"@id":"https:\/\/itbh.eu\/index.php\/team\/#primaryimage"},"image":{"@id":"https:\/\/itbh.eu\/index.php\/team\/#primaryimage"},"thumbnailUrl":"https:\/\/itbh.eu\/wp-content\/uploads\/2020\/02\/WP_20150911_12_35_43_Pro-2-scaled.jpg","datePublished":"2019-10-30T19:37:49+00:00","dateModified":"2020-04-30T22:30:49+00:00","breadcrumb":{"@id":"https:\/\/itbh.eu\/index.php\/team\/#breadcrumb"},"inLanguage":"de","potentialAction":[{"@type":"ReadAction","target":["https:\/\/itbh.eu\/index.php\/team\/"]}]},{"@type":"ImageObject","inLanguage":"de","@id":"https:\/\/itbh.eu\/index.php\/team\/#primaryimage","url":"https:\/\/itbh.eu\/wp-content\/uploads\/2020\/02\/WP_20150911_12_35_43_Pro-2-scaled.jpg","contentUrl":"https:\/\/itbh.eu\/wp-content\/uploads\/2020\/02\/WP_20150911_12_35_43_Pro-2-scaled.jpg","width":1746,"height":2560},{"@type":"BreadcrumbList","@id":"https:\/\/itbh.eu\/index.php\/team\/#breadcrumb","itemListElement":[{"@type":"ListItem","position":1,"name":"Home","item":"https:\/\/itbh.eu\/"},{"@type":"ListItem","position":2,"name":"Team"}]},{"@type":"WebSite","@id":"https:\/\/itbh.eu\/#website","url":"https:\/\/itbh.eu\/","name":"IT Beratung Hollstein","description":"Computer Support von Mensch zu Mensch","potentialAction":[{"@type":"SearchAction","target":{"@type":"EntryPoint","urlTemplate":"https:\/\/itbh.eu\/?s={search_term_string}"},"query-input":{"@type":"PropertyValueSpecification","valueRequired":true,"valueName":"search_term_string"}}],"inLanguage":"de"}]}},"_links":{"self":[{"href":"https:\/\/itbh.eu\/index.php\/wp-json\/wp\/v2\/pages\/361","targetHints":{"allow":["GET"]}}],"collection":[{"href":"https:\/\/itbh.eu\/index.php\/wp-json\/wp\/v2\/pages"}],"about":[{"href":"https:\/\/itbh.eu\/index.php\/wp-json\/wp\/v2\/types\/page"}],"author":[{"embeddable":true,"href":"https:\/\/itbh.eu\/index.php\/wp-json\/wp\/v2\/users\/1"}],"replies":[{"embeddable":true,"href":"https:\/\/itbh.eu\/index.php\/wp-json\/wp\/v2\/comments?post=361"}],"version-history":[{"count":17,"href":"https:\/\/itbh.eu\/index.php\/wp-json\/wp\/v2\/pages\/361\/revisions"}],"predecessor-version":[{"id":663,"href":"https:\/\/itbh.eu\/index.php\/wp-json\/wp\/v2\/pages\/361\/revisions\/663"}],"wp:attachment":[{"href":"https:\/\/itbh.eu\/index.php\/wp-json\/wp\/v2\/media?parent=361"}],"curies":[{"name":"wp","href":"https:\/\/api.w.org\/{rel}","templated":true}]}}